{"id":366,"date":"2023-03-09T22:01:10","date_gmt":"2023-03-09T22:01:10","guid":{"rendered":"https:\/\/vwpengenharia.com.br\/?page_id=366"},"modified":"2023-05-19T14:14:47","modified_gmt":"2023-05-19T14:14:47","slug":"sobre-nos","status":"publish","type":"page","link":"https:\/\/vwpengenharia.com.br\/index.php\/sobre-nos\/","title":{"rendered":"SOBRE N\u00d3S"},"content":{"rendered":"\t\t<div data-elementor-type=\"wp-page\" data-elementor-id=\"366\" class=\"elementor elementor-366\">\n\t\t\t\t\t\t\t\t\t<section class=\"elementor-section elementor-top-section elementor-element elementor-element-3e53e75 elementor-section-content-middle elementor-reverse-tablet elementor-reverse-mobile elementor-section-boxed elementor-section-height-default elementor-section-height-default\" data-id=\"3e53e75\" data-element_type=\"section\" data-settings=\"{&quot;background_background&quot;:&quot;classic&quot;}\">\n\t\t\t\t\t\t<div class=\"elementor-container elementor-column-gap-default\">\n\t\t\t\t\t<div class=\"elementor-column elementor-col-50 elementor-top-column elementor-element elementor-element-1f486f67 elementor-invisible\" data-id=\"1f486f67\" data-element_type=\"column\" data-settings=\"{&quot;animation&quot;:&quot;fadeInLeft&quot;}\">\n\t\t\t<div class=\"elementor-widget-wrap elementor-element-populated\">\n\t\t\t\t\t\t\t\t<div class=\"elementor-element elementor-element-3a1d63e1 elementor-widget elementor-widget-heading\" data-id=\"3a1d63e1\" data-element_type=\"widget\" data-widget_type=\"heading.default\">\n\t\t\t\t<div class=\"elementor-widget-container\">\n\t\t\t<style>\/*! elementor - v3.10.2 - 29-01-2023 *\/\n.elementor-heading-title{padding:0;margin:0;line-height:1}.elementor-widget-heading .elementor-heading-title[class*=elementor-size-]>a{color:inherit;font-size:inherit;line-height:inherit}.elementor-widget-heading .elementor-heading-title.elementor-size-small{font-size:15px}.elementor-widget-heading .elementor-heading-title.elementor-size-medium{font-size:19px}.elementor-widget-heading .elementor-heading-title.elementor-size-large{font-size:29px}.elementor-widget-heading .elementor-heading-title.elementor-size-xl{font-size:39px}.elementor-widget-heading .elementor-heading-title.elementor-size-xxl{font-size:59px}<\/style><h6 class=\"elementor-heading-title elementor-size-default\">CONHE\u00c7A A VWP ENGENHARIA<\/h6>\t\t<\/div>\n\t\t\t\t<\/div>\n\t\t\t\t<div class=\"elementor-element elementor-element-5bea487c elementor-widget elementor-widget-heading\" data-id=\"5bea487c\" data-element_type=\"widget\" data-widget_type=\"heading.default\">\n\t\t\t\t<div class=\"elementor-widget-container\">\n\t\t\t<h5 class=\"elementor-heading-title elementor-size-default\">Com mais de 10 anos em atividade, temos experi\u00eancia para garantir confian\u00e7a e tranquilidade no relacionamento com nossos clientes.<\/h5>\t\t<\/div>\n\t\t\t\t<\/div>\n\t\t\t\t<div class=\"elementor-element elementor-element-75dc5d3a elementor-widget elementor-widget-text-editor\" data-id=\"75dc5d3a\" data-element_type=\"widget\" data-widget_type=\"text-editor.default\">\n\t\t\t\t<div class=\"elementor-widget-container\">\n\t\t\t<style>\/*! elementor - v3.10.2 - 29-01-2023 *\/\n.elementor-widget-text-editor.elementor-drop-cap-view-stacked .elementor-drop-cap{background-color:#818a91;color:#fff}.elementor-widget-text-editor.elementor-drop-cap-view-framed .elementor-drop-cap{color:#818a91;border:3px solid;background-color:transparent}.elementor-widget-text-editor:not(.elementor-drop-cap-view-default) .elementor-drop-cap{margin-top:8px}.elementor-widget-text-editor:not(.elementor-drop-cap-view-default) .elementor-drop-cap-letter{width:1em;height:1em}.elementor-widget-text-editor .elementor-drop-cap{float:left;text-align:center;line-height:1;font-size:50px}.elementor-widget-text-editor .elementor-drop-cap-letter{display:inline-block}<\/style>\t\t\t\t<p>A VWP Engenharia \u00e9 uma empresa com solu\u00e7\u00f5es completas no desenvolvimento de projetos de preven\u00e7\u00e3o e combate a inc\u00eandio. Com mais de 10 anos em atividade, temos experi\u00eancia para garantir confian\u00e7a e tranquilidade no relacionamento com nossos clientes.<\/p>\t\t\t\t\t\t<\/div>\n\t\t\t\t<\/div>\n\t\t\t\t\t<\/div>\n\t\t<\/div>\n\t\t\t\t<div class=\"elementor-column elementor-col-50 elementor-top-column elementor-element elementor-element-46c9677b elementor-invisible\" data-id=\"46c9677b\" data-element_type=\"column\" data-settings=\"{&quot;animation&quot;:&quot;fadeInRight&quot;}\">\n\t\t\t<div class=\"elementor-widget-wrap elementor-element-populated\">\n\t\t\t\t\t\t\t\t<div class=\"elementor-element elementor-element-1465430c elementor-widget elementor-widget-image\" data-id=\"1465430c\" data-element_type=\"widget\" data-widget_type=\"image.default\">\n\t\t\t\t<div class=\"elementor-widget-container\">\n\t\t\t<style>\/*! elementor - v3.10.2 - 29-01-2023 *\/\n.elementor-widget-image{text-align:center}.elementor-widget-image a{display:inline-block}.elementor-widget-image a img[src$=\".svg\"]{width:48px}.elementor-widget-image img{vertical-align:middle;display:inline-block}<\/style>\t\t\t\t\t\t\t\t\t\t\t\t<img loading=\"lazy\" decoding=\"async\" width=\"541\" height=\"380\" src=\"https:\/\/vwpengenharia.com.br\/wp-content\/uploads\/2023\/03\/incendios.jpg\" class=\"attachment-medium_large size-medium_large wp-image-353\" alt=\"\" srcset=\"https:\/\/vwpengenharia.com.br\/wp-content\/uploads\/2023\/03\/incendios.jpg 541w, https:\/\/vwpengenharia.com.br\/wp-content\/uploads\/2023\/03\/incendios-300x211.jpg 300w\" sizes=\"auto, (max-width: 541px) 100vw, 541px\" \/>\t\t\t\t\t\t\t\t\t\t\t\t\t\t\t<\/div>\n\t\t\t\t<\/div>\n\t\t\t\t\t<\/div>\n\t\t<\/div>\n\t\t\t\t\t\t\t<\/div>\n\t\t<\/section>\n\t\t\t\t<section class=\"elementor-section elementor-top-section elementor-element elementor-element-65422630 elementor-section-boxed elementor-section-height-default elementor-section-height-default\" data-id=\"65422630\" data-element_type=\"section\">\n\t\t\t\t\t\t<div class=\"elementor-container elementor-column-gap-default\">\n\t\t\t\t\t<div class=\"elementor-column elementor-col-100 elementor-top-column elementor-element elementor-element-2f27d7a5\" data-id=\"2f27d7a5\" data-element_type=\"column\">\n\t\t\t<div class=\"elementor-widget-wrap elementor-element-populated\">\n\t\t\t\t\t\t\t\t<section class=\"elementor-section elementor-inner-section elementor-element elementor-element-3de4036d elementor-section-boxed elementor-section-height-default elementor-section-height-default\" data-id=\"3de4036d\" data-element_type=\"section\">\n\t\t\t\t\t\t<div class=\"elementor-container elementor-column-gap-default\">\n\t\t\t\t\t<div class=\"elementor-column elementor-col-33 elementor-inner-column elementor-element elementor-element-391b0346 elementor-invisible\" data-id=\"391b0346\" data-element_type=\"column\" data-settings=\"{&quot;background_background&quot;:&quot;classic&quot;,&quot;animation&quot;:&quot;fadeInLeft&quot;}\">\n\t\t\t<div class=\"elementor-widget-wrap elementor-element-populated\">\n\t\t\t\t\t\t\t\t<div class=\"elementor-element elementor-element-1c682abf elementor-view-default elementor-mobile-position-top elementor-vertical-align-top elementor-widget elementor-widget-icon-box\" data-id=\"1c682abf\" data-element_type=\"widget\" data-widget_type=\"icon-box.default\">\n\t\t\t\t<div class=\"elementor-widget-container\">\n\t\t\t<link rel=\"stylesheet\" href=\"https:\/\/vwpengenharia.com.br\/wp-content\/plugins\/elementor\/assets\/css\/widget-icon-box.min.css\">\t\t<div class=\"elementor-icon-box-wrapper\">\n\t\t\t\t\t\t<div class=\"elementor-icon-box-icon\">\n\t\t\t\t<span class=\"elementor-icon elementor-animation-\" >\n\t\t\t\t<i aria-hidden=\"true\" class=\"icon icon-Helmet\"><\/i>\t\t\t\t<\/span>\n\t\t\t<\/div>\n\t\t\t\t\t\t<div class=\"elementor-icon-box-content\">\n\t\t\t\t<div class=\"elementor-icon-box-title\">\n\t\t\t\t\t<span  >\n\t\t\t\t\t\tMISS\u00c3O\t\t\t\t\t<\/span>\n\t\t\t\t<\/div>\n\t\t\t\t\t\t\t\t\t<p class=\"elementor-icon-box-description\">\n\t\t\t\t\t\tEntregar projetos de qualidade seguindo as  normas de seguran\u00e7a, trazendo resultados acima do esperado no prazo estabelecido. \t\t\t\t\t<\/p>\n\t\t\t\t\t\t\t<\/div>\n\t\t<\/div>\n\t\t\t\t<\/div>\n\t\t\t\t<\/div>\n\t\t\t\t\t<\/div>\n\t\t<\/div>\n\t\t\t\t<div class=\"elementor-column elementor-col-33 elementor-inner-column elementor-element elementor-element-7d8532a1 elementor-invisible\" data-id=\"7d8532a1\" data-element_type=\"column\" data-settings=\"{&quot;background_background&quot;:&quot;gradient&quot;,&quot;animation&quot;:&quot;fadeInUp&quot;}\">\n\t\t\t<div class=\"elementor-widget-wrap elementor-element-populated\">\n\t\t\t\t\t\t\t\t<div class=\"elementor-element elementor-element-3cbb91c2 elementor-view-default elementor-mobile-position-top elementor-vertical-align-top elementor-widget elementor-widget-icon-box\" data-id=\"3cbb91c2\" data-element_type=\"widget\" data-widget_type=\"icon-box.default\">\n\t\t\t\t<div class=\"elementor-widget-container\">\n\t\t\t\t\t<div class=\"elementor-icon-box-wrapper\">\n\t\t\t\t\t\t<div class=\"elementor-icon-box-icon\">\n\t\t\t\t<span class=\"elementor-icon elementor-animation-\" >\n\t\t\t\t<i aria-hidden=\"true\" class=\"icon icon-Profile\"><\/i>\t\t\t\t<\/span>\n\t\t\t<\/div>\n\t\t\t\t\t\t<div class=\"elementor-icon-box-content\">\n\t\t\t\t<div class=\"elementor-icon-box-title\">\n\t\t\t\t\t<span  >\n\t\t\t\t\t\tVIS\u00c3O\t\t\t\t\t<\/span>\n\t\t\t\t<\/div>\n\t\t\t\t\t\t\t\t\t<p class=\"elementor-icon-box-description\">\n\t\t\t\t\t\tReconhecimento e refer\u00eancia em preven\u00e7\u00e3o contra inc\u00eandios, mantendo assim um v\u00ednculo com qualidade de vida e seguran\u00e7a de pessoas e ambiente. \t\t\t\t\t<\/p>\n\t\t\t\t\t\t\t<\/div>\n\t\t<\/div>\n\t\t\t\t<\/div>\n\t\t\t\t<\/div>\n\t\t\t\t\t<\/div>\n\t\t<\/div>\n\t\t\t\t<div class=\"elementor-column elementor-col-33 elementor-inner-column elementor-element elementor-element-29c66ae3 elementor-invisible\" data-id=\"29c66ae3\" data-element_type=\"column\" data-settings=\"{&quot;background_background&quot;:&quot;classic&quot;,&quot;animation&quot;:&quot;fadeInRight&quot;}\">\n\t\t\t<div class=\"elementor-widget-wrap elementor-element-populated\">\n\t\t\t\t\t\t\t\t<div class=\"elementor-element elementor-element-5da0d0f0 elementor-view-default elementor-mobile-position-top elementor-vertical-align-top elementor-widget elementor-widget-icon-box\" data-id=\"5da0d0f0\" data-element_type=\"widget\" data-widget_type=\"icon-box.default\">\n\t\t\t\t<div class=\"elementor-widget-container\">\n\t\t\t\t\t<div class=\"elementor-icon-box-wrapper\">\n\t\t\t\t\t\t<div class=\"elementor-icon-box-icon\">\n\t\t\t\t<span class=\"elementor-icon elementor-animation-\" >\n\t\t\t\t<i aria-hidden=\"true\" class=\"icon icon-management\"><\/i>\t\t\t\t<\/span>\n\t\t\t<\/div>\n\t\t\t\t\t\t<div class=\"elementor-icon-box-content\">\n\t\t\t\t<div class=\"elementor-icon-box-title\">\n\t\t\t\t\t<span  >\n\t\t\t\t\t\tVALORES\t\t\t\t\t<\/span>\n\t\t\t\t<\/div>\n\t\t\t\t\t\t\t\t\t<p class=\"elementor-icon-box-description\">\n\t\t\t\t\t\tAcreditamos no atendimento diferenciado que nossa empresa possui com:\nRespeito, \u00e9tica e transpar\u00eancia nas informa\u00e7\u00f5es e servi\u00e7os prestados. \t\t\t\t\t<\/p>\n\t\t\t\t\t\t\t<\/div>\n\t\t<\/div>\n\t\t\t\t<\/div>\n\t\t\t\t<\/div>\n\t\t\t\t\t<\/div>\n\t\t<\/div>\n\t\t\t\t\t\t\t<\/div>\n\t\t<\/section>\n\t\t\t\t\t<\/div>\n\t\t<\/div>\n\t\t\t\t\t\t\t<\/div>\n\t\t<\/section>\n\t\t\t\t<section class=\"elementor-section elementor-top-section elementor-element elementor-element-184944b2 elementor-section-content-middle elementor-section-boxed elementor-section-height-default elementor-section-height-default\" data-id=\"184944b2\" data-element_type=\"section\">\n\t\t\t\t\t\t<div class=\"elementor-container elementor-column-gap-default\">\n\t\t\t\t\t<div class=\"elementor-column elementor-col-50 elementor-top-column elementor-element elementor-element-6e5f2a6a elementor-invisible\" data-id=\"6e5f2a6a\" data-element_type=\"column\" data-settings=\"{&quot;animation&quot;:&quot;rotateIn&quot;}\">\n\t\t\t<div class=\"elementor-widget-wrap elementor-element-populated\">\n\t\t\t\t\t\t\t\t<div class=\"elementor-element elementor-element-596ebb53 elementor-widget elementor-widget-image\" data-id=\"596ebb53\" data-element_type=\"widget\" data-widget_type=\"image.default\">\n\t\t\t\t<div class=\"elementor-widget-container\">\n\t\t\t\t\t\t\t\t\t\t\t\t\t\t\t<img loading=\"lazy\" decoding=\"async\" width=\"600\" height=\"400\" src=\"https:\/\/vwpengenharia.com.br\/wp-content\/uploads\/2023\/03\/depositphotos_247501172-stock-photo-firemen-helmets-standing-looking-red.webp\" class=\"attachment-full size-full wp-image-370\" alt=\"\" srcset=\"https:\/\/vwpengenharia.com.br\/wp-content\/uploads\/2023\/03\/depositphotos_247501172-stock-photo-firemen-helmets-standing-looking-red.webp 600w, https:\/\/vwpengenharia.com.br\/wp-content\/uploads\/2023\/03\/depositphotos_247501172-stock-photo-firemen-helmets-standing-looking-red-300x200.webp 300w\" sizes=\"auto, (max-width: 600px) 100vw, 600px\" \/>\t\t\t\t\t\t\t\t\t\t\t\t\t\t\t<\/div>\n\t\t\t\t<\/div>\n\t\t\t\t<div class=\"elementor-element elementor-element-2e59e21a elementor-cta--skin-cover elementor-widget__width-initial elementor-absolute elementor-invisible elementor-widget elementor-widget-call-to-action\" data-id=\"2e59e21a\" data-element_type=\"widget\" data-settings=\"{&quot;_position&quot;:&quot;absolute&quot;,&quot;_animation&quot;:&quot;bounceIn&quot;,&quot;_animation_delay&quot;:200}\" data-widget_type=\"call-to-action.default\">\n\t\t\t\t<div class=\"elementor-widget-container\">\n\t\t\t<link rel=\"stylesheet\" href=\"https:\/\/vwpengenharia.com.br\/wp-content\/plugins\/elementor-pro\/assets\/css\/widget-call-to-action.min.css\">\t\t<div class=\"elementor-cta\">\n\t\t\t\t\t<div class=\"elementor-cta__bg-wrapper\">\n\t\t\t\t<div class=\"elementor-cta__bg elementor-bg\" style=\"background-image: url();\"><\/div>\n\t\t\t\t<div class=\"elementor-cta__bg-overlay\"><\/div>\n\t\t\t<\/div>\n\t\t\t\t\t\t\t<div class=\"elementor-cta__content\">\n\t\t\t\t\n\t\t\t\t<div class=\"elementor-cta__title elementor-cta__content-item elementor-content-item\">10+<\/div>\n\t\t\t\t\t\t\t\t\t<div class=\"elementor-cta__description elementor-cta__content-item elementor-content-item\">\n\t\t\t\t\t\tAnos de Experi\u00eancia \t\t\t\t\t<\/div>\n\t\t\t\t\n\t\t\t\t\t\t\t<\/div>\n\t\t\t\t\t\t<\/div>\n\t\t\t\t<\/div>\n\t\t\t\t<\/div>\n\t\t\t\t\t<\/div>\n\t\t<\/div>\n\t\t\t\t<div class=\"elementor-column elementor-col-50 elementor-top-column elementor-element elementor-element-11ce7138 elementor-invisible\" data-id=\"11ce7138\" data-element_type=\"column\" data-settings=\"{&quot;animation&quot;:&quot;fadeInLeft&quot;}\">\n\t\t\t<div class=\"elementor-widget-wrap elementor-element-populated\">\n\t\t\t\t\t\t\t\t<div class=\"elementor-element elementor-element-18c599f6 elementor-widget elementor-widget-heading\" data-id=\"18c599f6\" data-element_type=\"widget\" data-widget_type=\"heading.default\">\n\t\t\t\t<div class=\"elementor-widget-container\">\n\t\t\t<h5 class=\"elementor-heading-title elementor-size-default\">Atuamos do in\u00edcio do planejamento \u00e0 conclus\u00e3o do tramite de seu processo de prote\u00e7\u00e3o e combate a inc\u00eandio junto ao Corpo de Bombeiros<\/h5>\t\t<\/div>\n\t\t\t\t<\/div>\n\t\t\t\t<div class=\"elementor-element elementor-element-2efcf8cb elementor-widget elementor-widget-text-editor\" data-id=\"2efcf8cb\" data-element_type=\"widget\" data-widget_type=\"text-editor.default\">\n\t\t\t\t<div class=\"elementor-widget-container\">\n\t\t\t\t\t\t\t<p>Cuidamos desde o desenvolvimento do Projeto\u00a0a inspe\u00e7\u00e3o e verifica\u00e7\u00e3o dos sistemas de preven\u00e7\u00e3o instalados na edifica\u00e7\u00e3o para fornecimento de Atestados T\u00e9cnicos e Anota\u00e7\u00f5es de Responsabilidade T\u00e9cnica (ART).<\/p>\t\t\t\t\t\t<\/div>\n\t\t\t\t<\/div>\n\t\t\t\t\t<\/div>\n\t\t<\/div>\n\t\t\t\t\t\t\t<\/div>\n\t\t<\/section>\n\t\t\t\t<section class=\"elementor-section elementor-top-section elementor-element elementor-element-192fefc elementor-section-boxed elementor-section-height-default elementor-section-height-default\" data-id=\"192fefc\" data-element_type=\"section\">\n\t\t\t\t\t\t<div class=\"elementor-container elementor-column-gap-default\">\n\t\t\t\t\t<div class=\"elementor-column elementor-col-100 elementor-top-column elementor-element elementor-element-6654ba8\" data-id=\"6654ba8\" data-element_type=\"column\">\n\t\t\t<div class=\"elementor-widget-wrap elementor-element-populated\">\n\t\t\t\t\t\t\t\t<div class=\"elementor-element elementor-element-832f58a elementor-widget elementor-widget-google_maps\" data-id=\"832f58a\" data-element_type=\"widget\" data-widget_type=\"google_maps.default\">\n\t\t\t\t<div class=\"elementor-widget-container\">\n\t\t\t<style>\/*! elementor - v3.10.2 - 29-01-2023 *\/\n.elementor-widget-google_maps .elementor-widget-container{overflow:hidden}.elementor-widget-google_maps iframe{height:300px}<\/style>\t\t<div class=\"elementor-custom-embed\">\n\t\t\t<iframe loading=\"lazy\"\n\t\t\t\t\tsrc=\"https:\/\/maps.google.com\/maps?q=Rua%20Muriri%2C%20n%C2%B0%20166%20Bairro%20Engenheiro%20Goulart&#038;t=m&#038;z=10&#038;output=embed&#038;iwloc=near\"\n\t\t\t\t\ttitle=\"Rua Muriri, n\u00b0 166 Bairro Engenheiro Goulart\"\n\t\t\t\t\taria-label=\"Rua Muriri, n\u00b0 166 Bairro Engenheiro Goulart\"\n\t\t\t><\/iframe>\n\t\t<\/div>\n\t\t\t\t<\/div>\n\t\t\t\t<\/div>\n\t\t\t\t\t<\/div>\n\t\t<\/div>\n\t\t\t\t\t\t\t<\/div>\n\t\t<\/section>\n\t\t\t\t\t\t\t<\/div>\n\t\t","protected":false},"excerpt":{"rendered":"<p>CONHE\u00c7A A VWP ENGENHARIA Com mais de 10 anos em atividade, temos experi\u00eancia para garantir confian\u00e7a e tranquilidade no relacionamento com nossos clientes. A VWP Engenharia \u00e9 uma empresa com solu\u00e7\u00f5es completas no desenvolvimento de projetos de preven\u00e7\u00e3o e combate a inc\u00eandio. Com mais de 10 anos em atividade, temos experi\u00eancia para garantir confian\u00e7a e [&hellip;]<\/p>\n","protected":false},"author":1,"featured_media":0,"parent":0,"menu_order":0,"comment_status":"closed","ping_status":"closed","template":"elementor_header_footer","meta":{"footnotes":""},"class_list":["post-366","page","type-page","status-publish","hentry"],"yoast_head":"<!-- This site is optimized with the Yoast SEO plugin v20.2.1 - https:\/\/yoast.com\/wordpress\/plugins\/seo\/ -->\n<title>SOBRE N\u00d3S - VWP ENGENHARIA<\/title>\n<meta name=\"robots\" content=\"index, follow, max-snippet:-1, max-image-preview:large, max-video-preview:-1\" \/>\n<link rel=\"canonical\" href=\"https:\/\/vwpengenharia.com.br\/index.php\/sobre-nos\/\" \/>\n<meta property=\"og:locale\" content=\"pt_BR\" \/>\n<meta property=\"og:type\" content=\"article\" \/>\n<meta property=\"og:title\" content=\"SOBRE N\u00d3S - VWP ENGENHARIA\" \/>\n<meta property=\"og:description\" content=\"CONHE\u00c7A A VWP ENGENHARIA Com mais de 10 anos em atividade, temos experi\u00eancia para garantir confian\u00e7a e tranquilidade no relacionamento com nossos clientes. A VWP Engenharia \u00e9 uma empresa com solu\u00e7\u00f5es completas no desenvolvimento de projetos de preven\u00e7\u00e3o e combate a inc\u00eandio. Com mais de 10 anos em atividade, temos experi\u00eancia para garantir confian\u00e7a e [&hellip;]\" \/>\n<meta property=\"og:url\" content=\"https:\/\/vwpengenharia.com.br\/index.php\/sobre-nos\/\" \/>\n<meta property=\"og:site_name\" content=\"VWP ENGENHARIA\" \/>\n<meta property=\"article:publisher\" content=\"https:\/\/pt-br.facebook.com\/vwpengenharia\/\" \/>\n<meta property=\"article:modified_time\" content=\"2023-05-19T14:14:47+00:00\" \/>\n<meta property=\"og:image\" content=\"https:\/\/vwpengenharia.com.br\/wp-content\/uploads\/2023\/03\/incendios.jpg\" \/>\n<meta name=\"twitter:card\" content=\"summary_large_image\" \/>\n<meta name=\"twitter:label1\" content=\"Est. tempo de leitura\" \/>\n\t<meta name=\"twitter:data1\" content=\"2 minutos\" \/>\n<script type=\"application\/ld+json\" class=\"yoast-schema-graph\">{\"@context\":\"https:\/\/schema.org\",\"@graph\":[{\"@type\":\"WebPage\",\"@id\":\"https:\/\/vwpengenharia.com.br\/index.php\/sobre-nos\/\",\"url\":\"https:\/\/vwpengenharia.com.br\/index.php\/sobre-nos\/\",\"name\":\"SOBRE N\u00d3S - VWP ENGENHARIA\",\"isPartOf\":{\"@id\":\"https:\/\/vwpengenharia.com.br\/#website\"},\"datePublished\":\"2023-03-09T22:01:10+00:00\",\"dateModified\":\"2023-05-19T14:14:47+00:00\",\"breadcrumb\":{\"@id\":\"https:\/\/vwpengenharia.com.br\/index.php\/sobre-nos\/#breadcrumb\"},\"inLanguage\":\"pt-BR\",\"potentialAction\":[{\"@type\":\"ReadAction\",\"target\":[\"https:\/\/vwpengenharia.com.br\/index.php\/sobre-nos\/\"]}]},{\"@type\":\"BreadcrumbList\",\"@id\":\"https:\/\/vwpengenharia.com.br\/index.php\/sobre-nos\/#breadcrumb\",\"itemListElement\":[{\"@type\":\"ListItem\",\"position\":1,\"name\":\"In\u00edcio\",\"item\":\"https:\/\/vwpengenharia.com.br\/\"},{\"@type\":\"ListItem\",\"position\":2,\"name\":\"SOBRE N\u00d3S\"}]},{\"@type\":\"WebSite\",\"@id\":\"https:\/\/vwpengenharia.com.br\/#website\",\"url\":\"https:\/\/vwpengenharia.com.br\/\",\"name\":\"VWP ENGENHARIA\",\"description\":\"Seguran\u00e7a Contra inc\u00eandio\",\"alternateName\":\"projetos de preven\u00e7\u00e3o e combate a inc\u00eandio.\",\"potentialAction\":[{\"@type\":\"SearchAction\",\"target\":{\"@type\":\"EntryPoint\",\"urlTemplate\":\"https:\/\/vwpengenharia.com.br\/?s={search_term_string}\"},\"query-input\":\"required name=search_term_string\"}],\"inLanguage\":\"pt-BR\"}]}<\/script>\n<!-- \/ Yoast SEO plugin. -->","yoast_head_json":{"title":"SOBRE N\u00d3S - VWP ENGENHARIA","robots":{"index":"index","follow":"follow","max-snippet":"max-snippet:-1","max-image-preview":"max-image-preview:large","max-video-preview":"max-video-preview:-1"},"canonical":"https:\/\/vwpengenharia.com.br\/index.php\/sobre-nos\/","og_locale":"pt_BR","og_type":"article","og_title":"SOBRE N\u00d3S - VWP ENGENHARIA","og_description":"CONHE\u00c7A A VWP ENGENHARIA Com mais de 10 anos em atividade, temos experi\u00eancia para garantir confian\u00e7a e tranquilidade no relacionamento com nossos clientes. A VWP Engenharia \u00e9 uma empresa com solu\u00e7\u00f5es completas no desenvolvimento de projetos de preven\u00e7\u00e3o e combate a inc\u00eandio. Com mais de 10 anos em atividade, temos experi\u00eancia para garantir confian\u00e7a e [&hellip;]","og_url":"https:\/\/vwpengenharia.com.br\/index.php\/sobre-nos\/","og_site_name":"VWP ENGENHARIA","article_publisher":"https:\/\/pt-br.facebook.com\/vwpengenharia\/","article_modified_time":"2023-05-19T14:14:47+00:00","og_image":[{"url":"https:\/\/vwpengenharia.com.br\/wp-content\/uploads\/2023\/03\/incendios.jpg"}],"twitter_card":"summary_large_image","twitter_misc":{"Est. tempo de leitura":"2 minutos"},"schema":{"@context":"https:\/\/schema.org","@graph":[{"@type":"WebPage","@id":"https:\/\/vwpengenharia.com.br\/index.php\/sobre-nos\/","url":"https:\/\/vwpengenharia.com.br\/index.php\/sobre-nos\/","name":"SOBRE N\u00d3S - VWP ENGENHARIA","isPartOf":{"@id":"https:\/\/vwpengenharia.com.br\/#website"},"datePublished":"2023-03-09T22:01:10+00:00","dateModified":"2023-05-19T14:14:47+00:00","breadcrumb":{"@id":"https:\/\/vwpengenharia.com.br\/index.php\/sobre-nos\/#breadcrumb"},"inLanguage":"pt-BR","potentialAction":[{"@type":"ReadAction","target":["https:\/\/vwpengenharia.com.br\/index.php\/sobre-nos\/"]}]},{"@type":"BreadcrumbList","@id":"https:\/\/vwpengenharia.com.br\/index.php\/sobre-nos\/#breadcrumb","itemListElement":[{"@type":"ListItem","position":1,"name":"In\u00edcio","item":"https:\/\/vwpengenharia.com.br\/"},{"@type":"ListItem","position":2,"name":"SOBRE N\u00d3S"}]},{"@type":"WebSite","@id":"https:\/\/vwpengenharia.com.br\/#website","url":"https:\/\/vwpengenharia.com.br\/","name":"VWP ENGENHARIA","description":"Seguran\u00e7a Contra inc\u00eandio","alternateName":"projetos de preven\u00e7\u00e3o e combate a inc\u00eandio.","potentialAction":[{"@type":"SearchAction","target":{"@type":"EntryPoint","urlTemplate":"https:\/\/vwpengenharia.com.br\/?s={search_term_string}"},"query-input":"required name=search_term_string"}],"inLanguage":"pt-BR"}]}},"_links":{"self":[{"href":"https:\/\/vwpengenharia.com.br\/index.php\/wp-json\/wp\/v2\/pages\/366","targetHints":{"allow":["GET"]}}],"collection":[{"href":"https:\/\/vwpengenharia.com.br\/index.php\/wp-json\/wp\/v2\/pages"}],"about":[{"href":"https:\/\/vwpengenharia.com.br\/index.php\/wp-json\/wp\/v2\/types\/page"}],"author":[{"embeddable":true,"href":"https:\/\/vwpengenharia.com.br\/index.php\/wp-json\/wp\/v2\/users\/1"}],"replies":[{"embeddable":true,"href":"https:\/\/vwpengenharia.com.br\/index.php\/wp-json\/wp\/v2\/comments?post=366"}],"version-history":[{"count":19,"href":"https:\/\/vwpengenharia.com.br\/index.php\/wp-json\/wp\/v2\/pages\/366\/revisions"}],"predecessor-version":[{"id":509,"href":"https:\/\/vwpengenharia.com.br\/index.php\/wp-json\/wp\/v2\/pages\/366\/revisions\/509"}],"wp:attachment":[{"href":"https:\/\/vwpengenharia.com.br\/index.php\/wp-json\/wp\/v2\/media?parent=366"}],"curies":[{"name":"wp","href":"https:\/\/api.w.org\/{rel}","templated":true}]}}