{"id":319,"date":"2023-03-04T06:01:37","date_gmt":"2023-03-04T06:01:37","guid":{"rendered":"https:\/\/vwpengenharia.com.br\/?page_id=319"},"modified":"2023-03-04T07:11:35","modified_gmt":"2023-03-04T07:11:35","slug":"seguranca-do-trabalho","status":"publish","type":"page","link":"https:\/\/vwpengenharia.com.br\/index.php\/seguranca-do-trabalho\/","title":{"rendered":"Seguran\u00e7a do trabalho"},"content":{"rendered":"\t\t<div data-elementor-type=\"wp-page\" data-elementor-id=\"319\" class=\"elementor elementor-319\">\n\t\t\t\t\t\t\t\t\t<section class=\"elementor-section elementor-top-section elementor-element elementor-element-25fc98fb elementor-section-boxed elementor-section-height-default elementor-section-height-default\" data-id=\"25fc98fb\" data-element_type=\"section\" data-settings=\"{&quot;background_background&quot;:&quot;classic&quot;}\">\n\t\t\t\t\t\t\t<div class=\"elementor-background-overlay\"><\/div>\n\t\t\t\t\t\t\t<div class=\"elementor-container elementor-column-gap-default\">\n\t\t\t\t\t<div class=\"elementor-column elementor-col-100 elementor-top-column elementor-element elementor-element-30323730 elementor-invisible\" data-id=\"30323730\" data-element_type=\"column\" data-settings=\"{&quot;animation&quot;:&quot;fadeInLeft&quot;}\">\n\t\t\t<div class=\"elementor-widget-wrap elementor-element-populated\">\n\t\t\t\t\t\t\t\t<div class=\"elementor-element elementor-element-952c053 elementor-widget elementor-widget-heading\" data-id=\"952c053\" data-element_type=\"widget\" data-widget_type=\"heading.default\">\n\t\t\t\t<div class=\"elementor-widget-container\">\n\t\t\t<style>\/*! elementor - v3.10.2 - 29-01-2023 *\/\n.elementor-heading-title{padding:0;margin:0;line-height:1}.elementor-widget-heading .elementor-heading-title[class*=elementor-size-]>a{color:inherit;font-size:inherit;line-height:inherit}.elementor-widget-heading .elementor-heading-title.elementor-size-small{font-size:15px}.elementor-widget-heading .elementor-heading-title.elementor-size-medium{font-size:19px}.elementor-widget-heading .elementor-heading-title.elementor-size-large{font-size:29px}.elementor-widget-heading .elementor-heading-title.elementor-size-xl{font-size:39px}.elementor-widget-heading .elementor-heading-title.elementor-size-xxl{font-size:59px}<\/style><h2 class=\"elementor-heading-title elementor-size-default\">SEGURAN\u00c7A DO TRABALHO<\/h2>\t\t<\/div>\n\t\t\t\t<\/div>\n\t\t\t\t<div class=\"elementor-element elementor-element-39e5d3e1 elementor-widget elementor-widget-text-editor\" data-id=\"39e5d3e1\" data-element_type=\"widget\" data-widget_type=\"text-editor.default\">\n\t\t\t\t<div class=\"elementor-widget-container\">\n\t\t\t<style>\/*! elementor - v3.10.2 - 29-01-2023 *\/\n.elementor-widget-text-editor.elementor-drop-cap-view-stacked .elementor-drop-cap{background-color:#818a91;color:#fff}.elementor-widget-text-editor.elementor-drop-cap-view-framed .elementor-drop-cap{color:#818a91;border:3px solid;background-color:transparent}.elementor-widget-text-editor:not(.elementor-drop-cap-view-default) .elementor-drop-cap{margin-top:8px}.elementor-widget-text-editor:not(.elementor-drop-cap-view-default) .elementor-drop-cap-letter{width:1em;height:1em}.elementor-widget-text-editor .elementor-drop-cap{float:left;text-align:center;line-height:1;font-size:50px}.elementor-widget-text-editor .elementor-drop-cap-letter{display:inline-block}<\/style>\t\t\t\t<p>Fornecemos ao t\u00e9rmino de cada treinamento o Atestado assinado por engenheiro de Seguran\u00e7a com a sua respectiva A.R.T (Anota\u00e7\u00e3o de Responsabilidade T\u00e9cnica).<\/p>\t\t\t\t\t\t<\/div>\n\t\t\t\t<\/div>\n\t\t\t\t\t<\/div>\n\t\t<\/div>\n\t\t\t\t\t\t\t<\/div>\n\t\t<\/section>\n\t\t\t\t<section class=\"elementor-section elementor-top-section elementor-element elementor-element-48e0c97b elementor-section-content-middle elementor-reverse-tablet elementor-reverse-mobile elementor-section-boxed elementor-section-height-default elementor-section-height-default\" data-id=\"48e0c97b\" data-element_type=\"section\">\n\t\t\t\t\t\t<div class=\"elementor-container elementor-column-gap-default\">\n\t\t\t\t\t<div class=\"elementor-column elementor-col-50 elementor-top-column elementor-element elementor-element-3571e08f elementor-invisible\" data-id=\"3571e08f\" data-element_type=\"column\" data-settings=\"{&quot;animation&quot;:&quot;fadeInLeft&quot;}\">\n\t\t\t<div class=\"elementor-widget-wrap elementor-element-populated\">\n\t\t\t\t\t\t\t\t<div class=\"elementor-element elementor-element-286dc239 elementor-widget elementor-widget-heading\" data-id=\"286dc239\" data-element_type=\"widget\" data-widget_type=\"heading.default\">\n\t\t\t\t<div class=\"elementor-widget-container\">\n\t\t\t<h6 class=\"elementor-heading-title elementor-size-default\">03 <\/h6>\t\t<\/div>\n\t\t\t\t<\/div>\n\t\t\t\t<div class=\"elementor-element elementor-element-45adf8bb elementor-view-stacked elementor-position-left elementor-mobile-position-left elementor-shape-circle elementor-vertical-align-top elementor-widget elementor-widget-icon-box\" data-id=\"45adf8bb\" data-element_type=\"widget\" data-widget_type=\"icon-box.default\">\n\t\t\t\t<div class=\"elementor-widget-container\">\n\t\t\t<link rel=\"stylesheet\" href=\"https:\/\/vwpengenharia.com.br\/wp-content\/plugins\/elementor\/assets\/css\/widget-icon-box.min.css\">\t\t<div class=\"elementor-icon-box-wrapper\">\n\t\t\t\t\t\t<div class=\"elementor-icon-box-icon\">\n\t\t\t\t<span class=\"elementor-icon elementor-animation-\" >\n\t\t\t\t<i aria-hidden=\"true\" class=\"icon icon-Helmet\"><\/i>\t\t\t\t<\/span>\n\t\t\t<\/div>\n\t\t\t\t\t\t<div class=\"elementor-icon-box-content\">\n\t\t\t\t<div class=\"elementor-icon-box-title\">\n\t\t\t\t\t<span  >\n\t\t\t\t\t\tCurso Norma Regulamentadora NR10\t\t\t\t\t<\/span>\n\t\t\t\t<\/div>\n\t\t\t\t\t\t\t\t\t<p class=\"elementor-icon-box-description\">\n\t\t\t\t\t\tNR-10 \u00e9 a Norma Regulamentadora emitida pelo Minist\u00e9rio do Trabalho e Emprego do Brasil que tem por objetivo garantir a seguran\u00e7a e a sa\u00fade dos trabalhadores que interagem nas instala\u00e7\u00f5es e servi\u00e7os com eletricidade\t\t\t\t\t<\/p>\n\t\t\t\t\t\t\t<\/div>\n\t\t<\/div>\n\t\t\t\t<\/div>\n\t\t\t\t<\/div>\n\t\t\t\t<div class=\"elementor-element elementor-element-911c1a3 elementor-view-stacked elementor-position-left elementor-mobile-position-left elementor-shape-circle elementor-vertical-align-top elementor-widget elementor-widget-icon-box\" data-id=\"911c1a3\" data-element_type=\"widget\" data-widget_type=\"icon-box.default\">\n\t\t\t\t<div class=\"elementor-widget-container\">\n\t\t\t\t\t<div class=\"elementor-icon-box-wrapper\">\n\t\t\t\t\t\t<div class=\"elementor-icon-box-icon\">\n\t\t\t\t<span class=\"elementor-icon elementor-animation-\" >\n\t\t\t\t<i aria-hidden=\"true\" class=\"icon icon-Mechanic\"><\/i>\t\t\t\t<\/span>\n\t\t\t<\/div>\n\t\t\t\t\t\t<div class=\"elementor-icon-box-content\">\n\t\t\t\t<div class=\"elementor-icon-box-title\">\n\t\t\t\t\t<span  >\n\t\t\t\t\t\tCurso Norma Regulamentadora NR35\t\t\t\t\t<\/span>\n\t\t\t\t<\/div>\n\t\t\t\t\t\t\t\t\t<p class=\"elementor-icon-box-description\">\n\t\t\t\t\t\tEsta Norma estabelece os requisitos m\u00ednimos e as medidas de prote\u00e7\u00e3o para o trabalho em altura, envolvendo o planejamento, a organiza\u00e7\u00e3o e a execu\u00e7\u00e3o, de forma a garantir a seguran\u00e7a e a sa\u00fade dos trabalhadores envolvidos direta ou indiretamente com esta atividade\t\t\t\t\t<\/p>\n\t\t\t\t\t\t\t<\/div>\n\t\t<\/div>\n\t\t\t\t<\/div>\n\t\t\t\t<\/div>\n\t\t\t\t<div class=\"elementor-element elementor-element-6c3535e6 elementor-view-stacked elementor-position-left elementor-mobile-position-left elementor-shape-circle elementor-vertical-align-top elementor-widget elementor-widget-icon-box\" data-id=\"6c3535e6\" data-element_type=\"widget\" data-widget_type=\"icon-box.default\">\n\t\t\t\t<div class=\"elementor-widget-container\">\n\t\t\t\t\t<div class=\"elementor-icon-box-wrapper\">\n\t\t\t\t\t\t<div class=\"elementor-icon-box-icon\">\n\t\t\t\t<span class=\"elementor-icon elementor-animation-\" >\n\t\t\t\t<i aria-hidden=\"true\" class=\"icon icon-review\"><\/i>\t\t\t\t<\/span>\n\t\t\t<\/div>\n\t\t\t\t\t\t<div class=\"elementor-icon-box-content\">\n\t\t\t\t<div class=\"elementor-icon-box-title\">\n\t\t\t\t\t<span  >\n\t\t\t\t\t\tCurso de brigada de inc\u00eandio\t\t\t\t\t<\/span>\n\t\t\t\t<\/div>\n\t\t\t\t\t\t\t\t\t<p class=\"elementor-icon-box-description\">\n\t\t\t\t\t\tO Treinamento de Brigada de Inc\u00eandio \u00e9 um curso obrigat\u00f3rio para a obten\u00e7\u00e3o ou renova\u00e7\u00e3o do AVCB \u2013 Auto de Vistoria do Corpo de Bombeiros. Esta obrigatoriedade, leva em conta, o tamanho da popula\u00e7\u00e3o da edifica\u00e7\u00e3o, tipo de ocupa\u00e7\u00e3o e grau de risco.\t\t\t\t\t<\/p>\n\t\t\t\t\t\t\t<\/div>\n\t\t<\/div>\n\t\t\t\t<\/div>\n\t\t\t\t<\/div>\n\t\t\t\t<div class=\"elementor-element elementor-element-7b4bbd6 elementor-view-stacked elementor-position-left elementor-mobile-position-left elementor-shape-circle elementor-vertical-align-top elementor-widget elementor-widget-icon-box\" data-id=\"7b4bbd6\" data-element_type=\"widget\" data-widget_type=\"icon-box.default\">\n\t\t\t\t<div class=\"elementor-widget-container\">\n\t\t\t\t\t<div class=\"elementor-icon-box-wrapper\">\n\t\t\t\t\t\t<div class=\"elementor-icon-box-icon\">\n\t\t\t\t<span class=\"elementor-icon elementor-animation-\" >\n\t\t\t\t<i aria-hidden=\"true\" class=\"fas fa-user-shield\"><\/i>\t\t\t\t<\/span>\n\t\t\t<\/div>\n\t\t\t\t\t\t<div class=\"elementor-icon-box-content\">\n\t\t\t\t<div class=\"elementor-icon-box-title\">\n\t\t\t\t\t<span  >\n\t\t\t\t\t\tNR13 - Laudo de caldeiras, vasos de press\u00e3o e tubula\u00e7\u00e3o.\t\t\t\t\t<\/span>\n\t\t\t\t<\/div>\n\t\t\t\t\t\t\t\t\t<p class=\"elementor-icon-box-description\">\n\t\t\t\t\t\tA NR 13 \u00e9 a norma regulamentadora que visa assegurar e proteger a sa\u00fade dos trabalhadores que atuam com caldeiras a vapor, vasos de press\u00e3o e suas tubula\u00e7\u00f5es de interliga\u00e7\u00e3o.\t\t\t\t\t<\/p>\n\t\t\t\t\t\t\t<\/div>\n\t\t<\/div>\n\t\t\t\t<\/div>\n\t\t\t\t<\/div>\n\t\t\t\t<div class=\"elementor-element elementor-element-cc9bed1 elementor-view-stacked elementor-position-left elementor-mobile-position-left elementor-shape-circle elementor-vertical-align-top elementor-widget elementor-widget-icon-box\" data-id=\"cc9bed1\" data-element_type=\"widget\" data-widget_type=\"icon-box.default\">\n\t\t\t\t<div class=\"elementor-widget-container\">\n\t\t\t\t\t<div class=\"elementor-icon-box-wrapper\">\n\t\t\t\t\t\t<div class=\"elementor-icon-box-icon\">\n\t\t\t\t<span class=\"elementor-icon elementor-animation-\" >\n\t\t\t\t<i aria-hidden=\"true\" class=\"fas fa-diagnoses\"><\/i>\t\t\t\t<\/span>\n\t\t\t<\/div>\n\t\t\t\t\t\t<div class=\"elementor-icon-box-content\">\n\t\t\t\t<div class=\"elementor-icon-box-title\">\n\t\t\t\t\t<span  >\n\t\t\t\t\t\tNR15 e N16 - Laudo de insalubridade E periculosidade..\t\t\t\t\t<\/span>\n\t\t\t\t<\/div>\n\t\t\t\t\t\t\t\t\t<p class=\"elementor-icon-box-description\">\n\t\t\t\t\t\tEstes Laudos definem quais agentes nocivos est\u00e3o presentes no ambiente de trabalho, a sua concentra\u00e7\u00e3o ou intensidade, indicando quais funcion\u00e1rios ter\u00e3o direito ao adicional de insalubridade ou periculosidade.\t\t\t\t\t<\/p>\n\t\t\t\t\t\t\t<\/div>\n\t\t<\/div>\n\t\t\t\t<\/div>\n\t\t\t\t<\/div>\n\t\t\t\t<div class=\"elementor-element elementor-element-2dcb32e elementor-view-stacked elementor-position-left elementor-mobile-position-left elementor-shape-circle elementor-vertical-align-top elementor-widget elementor-widget-icon-box\" data-id=\"2dcb32e\" data-element_type=\"widget\" data-widget_type=\"icon-box.default\">\n\t\t\t\t<div class=\"elementor-widget-container\">\n\t\t\t\t\t<div class=\"elementor-icon-box-wrapper\">\n\t\t\t\t\t\t<div class=\"elementor-icon-box-icon\">\n\t\t\t\t<span class=\"elementor-icon elementor-animation-\" >\n\t\t\t\t<i aria-hidden=\"true\" class=\"fas fa-user-lock\"><\/i>\t\t\t\t<\/span>\n\t\t\t<\/div>\n\t\t\t\t\t\t<div class=\"elementor-icon-box-content\">\n\t\t\t\t<div class=\"elementor-icon-box-title\">\n\t\t\t\t\t<span  >\n\t\t\t\t\t\tAPR - An\u00e1lise preliminar de risco. PPRA e PCMSO\t\t\t\t\t<\/span>\n\t\t\t\t<\/div>\n\t\t\t\t\t\t\t\t\t<p class=\"elementor-icon-box-description\">\n\t\t\t\t\t\tEssencialmente, a APR consiste em um estudo pr\u00e9vio e detalhado acerca das etapas de realiza\u00e7\u00e3o de determinada atividade ou de um processo, com vista \u00e0 identifica\u00e7\u00e3o de eventuais riscos envolvidos no trabalho e das medidas mais adequadas para preven\u00e7\u00e3o de acidentes.\t\t\t\t\t<\/p>\n\t\t\t\t\t\t\t<\/div>\n\t\t<\/div>\n\t\t\t\t<\/div>\n\t\t\t\t<\/div>\n\t\t\t\t<div class=\"elementor-element elementor-element-5eef3a7 elementor-view-stacked elementor-position-left elementor-mobile-position-left elementor-shape-circle elementor-vertical-align-top elementor-widget elementor-widget-icon-box\" data-id=\"5eef3a7\" data-element_type=\"widget\" data-widget_type=\"icon-box.default\">\n\t\t\t\t<div class=\"elementor-widget-container\">\n\t\t\t\t\t<div class=\"elementor-icon-box-wrapper\">\n\t\t\t\t\t\t<div class=\"elementor-icon-box-icon\">\n\t\t\t\t<span class=\"elementor-icon elementor-animation-\" >\n\t\t\t\t<i aria-hidden=\"true\" class=\"fas fa-child\"><\/i>\t\t\t\t<\/span>\n\t\t\t<\/div>\n\t\t\t\t\t\t<div class=\"elementor-icon-box-content\">\n\t\t\t\t<div class=\"elementor-icon-box-title\">\n\t\t\t\t\t<span  >\n\t\t\t\t\t\tPlano de abandono e emerg\u00eancia\t\t\t\t\t<\/span>\n\t\t\t\t<\/div>\n\t\t\t\t\t\t\t\t\t<p class=\"elementor-icon-box-description\">\n\t\t\t\t\t\tSua finalidade \u00e9 definir uma s\u00e9rie de procedimentos em situa\u00e7\u00f5es de emerg\u00eancia, a fim de garantir uma retirada segura e r\u00e1pida dos funcion\u00e1rios e outras pessoas que estejam utilizando uma determinada \u00e1rea.\t\t\t\t\t<\/p>\n\t\t\t\t\t\t\t<\/div>\n\t\t<\/div>\n\t\t\t\t<\/div>\n\t\t\t\t<\/div>\n\t\t\t\t\t<\/div>\n\t\t<\/div>\n\t\t\t\t<div class=\"elementor-column elementor-col-50 elementor-top-column elementor-element elementor-element-6c42d445 elementor-invisible\" data-id=\"6c42d445\" data-element_type=\"column\" data-settings=\"{&quot;animation&quot;:&quot;rotateIn&quot;}\">\n\t\t\t<div class=\"elementor-widget-wrap elementor-element-populated\">\n\t\t\t\t\t\t\t\t<div class=\"elementor-element elementor-element-27b3a2f6 elementor-widget elementor-widget-image\" data-id=\"27b3a2f6\" data-element_type=\"widget\" data-widget_type=\"image.default\">\n\t\t\t\t<div class=\"elementor-widget-container\">\n\t\t\t<style>\/*! elementor - v3.10.2 - 29-01-2023 *\/\n.elementor-widget-image{text-align:center}.elementor-widget-image a{display:inline-block}.elementor-widget-image a img[src$=\".svg\"]{width:48px}.elementor-widget-image img{vertical-align:middle;display:inline-block}<\/style>\t\t\t\t\t\t\t\t\t\t\t\t<img loading=\"lazy\" decoding=\"async\" width=\"1200\" height=\"900\" src=\"https:\/\/vwpengenharia.com.br\/wp-content\/uploads\/2023\/03\/5b.png\" class=\"attachment-full size-full wp-image-337\" alt=\"\" srcset=\"https:\/\/vwpengenharia.com.br\/wp-content\/uploads\/2023\/03\/5b.png 1200w, https:\/\/vwpengenharia.com.br\/wp-content\/uploads\/2023\/03\/5b-300x225.png 300w, https:\/\/vwpengenharia.com.br\/wp-content\/uploads\/2023\/03\/5b-1024x768.png 1024w, https:\/\/vwpengenharia.com.br\/wp-content\/uploads\/2023\/03\/5b-768x576.png 768w\" sizes=\"auto, (max-width: 1200px) 100vw, 1200px\" \/>\t\t\t\t\t\t\t\t\t\t\t\t\t\t\t<\/div>\n\t\t\t\t<\/div>\n\t\t\t\t\t<\/div>\n\t\t<\/div>\n\t\t\t\t\t\t\t<\/div>\n\t\t<\/section>\n\t\t\t\t\t\t\t<\/div>\n\t\t","protected":false},"excerpt":{"rendered":"<p>SEGURAN\u00c7A DO TRABALHO Fornecemos ao t\u00e9rmino de cada treinamento o Atestado assinado por engenheiro de Seguran\u00e7a com a sua respectiva A.R.T (Anota\u00e7\u00e3o de Responsabilidade T\u00e9cnica). 03 Curso Norma Regulamentadora NR10 NR-10 \u00e9 a Norma Regulamentadora emitida pelo Minist\u00e9rio do Trabalho e Emprego do Brasil que tem por objetivo garantir a seguran\u00e7a e a sa\u00fade dos [&hellip;]<\/p>\n","protected":false},"author":1,"featured_media":0,"parent":0,"menu_order":0,"comment_status":"closed","ping_status":"closed","template":"elementor_header_footer","meta":{"footnotes":""},"class_list":["post-319","page","type-page","status-publish","hentry"],"yoast_head":"<!-- This site is optimized with the Yoast SEO plugin v20.2.1 - https:\/\/yoast.com\/wordpress\/plugins\/seo\/ -->\n<title>Seguran\u00e7a do trabalho - VWP ENGENHARIA<\/title>\n<meta name=\"robots\" content=\"index, follow, max-snippet:-1, max-image-preview:large, max-video-preview:-1\" \/>\n<link rel=\"canonical\" href=\"https:\/\/vwpengenharia.com.br\/index.php\/seguranca-do-trabalho\/\" \/>\n<meta property=\"og:locale\" content=\"pt_BR\" \/>\n<meta property=\"og:type\" content=\"article\" \/>\n<meta property=\"og:title\" content=\"Seguran\u00e7a do trabalho - VWP ENGENHARIA\" \/>\n<meta property=\"og:description\" content=\"SEGURAN\u00c7A DO TRABALHO Fornecemos ao t\u00e9rmino de cada treinamento o Atestado assinado por engenheiro de Seguran\u00e7a com a sua respectiva A.R.T (Anota\u00e7\u00e3o de Responsabilidade T\u00e9cnica). 03 Curso Norma Regulamentadora NR10 NR-10 \u00e9 a Norma Regulamentadora emitida pelo Minist\u00e9rio do Trabalho e Emprego do Brasil que tem por objetivo garantir a seguran\u00e7a e a sa\u00fade dos [&hellip;]\" \/>\n<meta property=\"og:url\" content=\"https:\/\/vwpengenharia.com.br\/index.php\/seguranca-do-trabalho\/\" \/>\n<meta property=\"og:site_name\" content=\"VWP ENGENHARIA\" \/>\n<meta property=\"article:publisher\" content=\"https:\/\/pt-br.facebook.com\/vwpengenharia\/\" \/>\n<meta property=\"article:modified_time\" content=\"2023-03-04T07:11:35+00:00\" \/>\n<meta property=\"og:image\" content=\"https:\/\/vwpengenharia.com.br\/wp-content\/uploads\/2023\/03\/5b.png\" \/>\n<meta name=\"twitter:card\" content=\"summary_large_image\" \/>\n<meta name=\"twitter:label1\" content=\"Est. tempo de leitura\" \/>\n\t<meta name=\"twitter:data1\" content=\"2 minutos\" \/>\n<script type=\"application\/ld+json\" class=\"yoast-schema-graph\">{\"@context\":\"https:\/\/schema.org\",\"@graph\":[{\"@type\":\"WebPage\",\"@id\":\"https:\/\/vwpengenharia.com.br\/index.php\/seguranca-do-trabalho\/\",\"url\":\"https:\/\/vwpengenharia.com.br\/index.php\/seguranca-do-trabalho\/\",\"name\":\"Seguran\u00e7a do trabalho - VWP ENGENHARIA\",\"isPartOf\":{\"@id\":\"https:\/\/vwpengenharia.com.br\/#website\"},\"datePublished\":\"2023-03-04T06:01:37+00:00\",\"dateModified\":\"2023-03-04T07:11:35+00:00\",\"breadcrumb\":{\"@id\":\"https:\/\/vwpengenharia.com.br\/index.php\/seguranca-do-trabalho\/#breadcrumb\"},\"inLanguage\":\"pt-BR\",\"potentialAction\":[{\"@type\":\"ReadAction\",\"target\":[\"https:\/\/vwpengenharia.com.br\/index.php\/seguranca-do-trabalho\/\"]}]},{\"@type\":\"BreadcrumbList\",\"@id\":\"https:\/\/vwpengenharia.com.br\/index.php\/seguranca-do-trabalho\/#breadcrumb\",\"itemListElement\":[{\"@type\":\"ListItem\",\"position\":1,\"name\":\"In\u00edcio\",\"item\":\"https:\/\/vwpengenharia.com.br\/\"},{\"@type\":\"ListItem\",\"position\":2,\"name\":\"Seguran\u00e7a do trabalho\"}]},{\"@type\":\"WebSite\",\"@id\":\"https:\/\/vwpengenharia.com.br\/#website\",\"url\":\"https:\/\/vwpengenharia.com.br\/\",\"name\":\"VWP ENGENHARIA\",\"description\":\"Seguran\u00e7a Contra inc\u00eandio\",\"alternateName\":\"projetos de preven\u00e7\u00e3o e combate a inc\u00eandio.\",\"potentialAction\":[{\"@type\":\"SearchAction\",\"target\":{\"@type\":\"EntryPoint\",\"urlTemplate\":\"https:\/\/vwpengenharia.com.br\/?s={search_term_string}\"},\"query-input\":\"required name=search_term_string\"}],\"inLanguage\":\"pt-BR\"}]}<\/script>\n<!-- \/ Yoast SEO plugin. -->","yoast_head_json":{"title":"Seguran\u00e7a do trabalho - VWP ENGENHARIA","robots":{"index":"index","follow":"follow","max-snippet":"max-snippet:-1","max-image-preview":"max-image-preview:large","max-video-preview":"max-video-preview:-1"},"canonical":"https:\/\/vwpengenharia.com.br\/index.php\/seguranca-do-trabalho\/","og_locale":"pt_BR","og_type":"article","og_title":"Seguran\u00e7a do trabalho - VWP ENGENHARIA","og_description":"SEGURAN\u00c7A DO TRABALHO Fornecemos ao t\u00e9rmino de cada treinamento o Atestado assinado por engenheiro de Seguran\u00e7a com a sua respectiva A.R.T (Anota\u00e7\u00e3o de Responsabilidade T\u00e9cnica). 03 Curso Norma Regulamentadora NR10 NR-10 \u00e9 a Norma Regulamentadora emitida pelo Minist\u00e9rio do Trabalho e Emprego do Brasil que tem por objetivo garantir a seguran\u00e7a e a sa\u00fade dos [&hellip;]","og_url":"https:\/\/vwpengenharia.com.br\/index.php\/seguranca-do-trabalho\/","og_site_name":"VWP ENGENHARIA","article_publisher":"https:\/\/pt-br.facebook.com\/vwpengenharia\/","article_modified_time":"2023-03-04T07:11:35+00:00","og_image":[{"url":"https:\/\/vwpengenharia.com.br\/wp-content\/uploads\/2023\/03\/5b.png"}],"twitter_card":"summary_large_image","twitter_misc":{"Est. tempo de leitura":"2 minutos"},"schema":{"@context":"https:\/\/schema.org","@graph":[{"@type":"WebPage","@id":"https:\/\/vwpengenharia.com.br\/index.php\/seguranca-do-trabalho\/","url":"https:\/\/vwpengenharia.com.br\/index.php\/seguranca-do-trabalho\/","name":"Seguran\u00e7a do trabalho - VWP ENGENHARIA","isPartOf":{"@id":"https:\/\/vwpengenharia.com.br\/#website"},"datePublished":"2023-03-04T06:01:37+00:00","dateModified":"2023-03-04T07:11:35+00:00","breadcrumb":{"@id":"https:\/\/vwpengenharia.com.br\/index.php\/seguranca-do-trabalho\/#breadcrumb"},"inLanguage":"pt-BR","potentialAction":[{"@type":"ReadAction","target":["https:\/\/vwpengenharia.com.br\/index.php\/seguranca-do-trabalho\/"]}]},{"@type":"BreadcrumbList","@id":"https:\/\/vwpengenharia.com.br\/index.php\/seguranca-do-trabalho\/#breadcrumb","itemListElement":[{"@type":"ListItem","position":1,"name":"In\u00edcio","item":"https:\/\/vwpengenharia.com.br\/"},{"@type":"ListItem","position":2,"name":"Seguran\u00e7a do trabalho"}]},{"@type":"WebSite","@id":"https:\/\/vwpengenharia.com.br\/#website","url":"https:\/\/vwpengenharia.com.br\/","name":"VWP ENGENHARIA","description":"Seguran\u00e7a Contra inc\u00eandio","alternateName":"projetos de preven\u00e7\u00e3o e combate a inc\u00eandio.","potentialAction":[{"@type":"SearchAction","target":{"@type":"EntryPoint","urlTemplate":"https:\/\/vwpengenharia.com.br\/?s={search_term_string}"},"query-input":"required name=search_term_string"}],"inLanguage":"pt-BR"}]}},"_links":{"self":[{"href":"https:\/\/vwpengenharia.com.br\/index.php\/wp-json\/wp\/v2\/pages\/319","targetHints":{"allow":["GET"]}}],"collection":[{"href":"https:\/\/vwpengenharia.com.br\/index.php\/wp-json\/wp\/v2\/pages"}],"about":[{"href":"https:\/\/vwpengenharia.com.br\/index.php\/wp-json\/wp\/v2\/types\/page"}],"author":[{"embeddable":true,"href":"https:\/\/vwpengenharia.com.br\/index.php\/wp-json\/wp\/v2\/users\/1"}],"replies":[{"embeddable":true,"href":"https:\/\/vwpengenharia.com.br\/index.php\/wp-json\/wp\/v2\/comments?post=319"}],"version-history":[{"count":7,"href":"https:\/\/vwpengenharia.com.br\/index.php\/wp-json\/wp\/v2\/pages\/319\/revisions"}],"predecessor-version":[{"id":364,"href":"https:\/\/vwpengenharia.com.br\/index.php\/wp-json\/wp\/v2\/pages\/319\/revisions\/364"}],"wp:attachment":[{"href":"https:\/\/vwpengenharia.com.br\/index.php\/wp-json\/wp\/v2\/media?parent=319"}],"curies":[{"name":"wp","href":"https:\/\/api.w.org\/{rel}","templated":true}]}}