{"id":316,"date":"2023-03-04T06:01:18","date_gmt":"2023-03-04T06:01:18","guid":{"rendered":"https:\/\/vwpengenharia.com.br\/?page_id=316"},"modified":"2023-04-26T01:24:19","modified_gmt":"2023-04-26T01:24:19","slug":"projetos-executivos","status":"publish","type":"page","link":"https:\/\/vwpengenharia.com.br\/index.php\/projetos-executivos\/","title":{"rendered":"Projetos executivos"},"content":{"rendered":"\t\t<div data-elementor-type=\"wp-page\" data-elementor-id=\"316\" class=\"elementor elementor-316\">\n\t\t\t\t\t\t\t\t\t<section class=\"elementor-section elementor-top-section elementor-element elementor-element-377961ea elementor-section-boxed elementor-section-height-default elementor-section-height-default\" data-id=\"377961ea\" data-element_type=\"section\" data-settings=\"{&quot;background_background&quot;:&quot;classic&quot;}\">\n\t\t\t\t\t\t\t<div class=\"elementor-background-overlay\"><\/div>\n\t\t\t\t\t\t\t<div class=\"elementor-container elementor-column-gap-default\">\n\t\t\t\t\t<div class=\"elementor-column elementor-col-100 elementor-top-column elementor-element elementor-element-6dab23df elementor-invisible\" data-id=\"6dab23df\" data-element_type=\"column\" data-settings=\"{&quot;animation&quot;:&quot;fadeInLeft&quot;}\">\n\t\t\t<div class=\"elementor-widget-wrap elementor-element-populated\">\n\t\t\t\t\t\t\t\t<div class=\"elementor-element elementor-element-69f548e7 elementor-widget elementor-widget-heading\" data-id=\"69f548e7\" data-element_type=\"widget\" data-widget_type=\"heading.default\">\n\t\t\t\t<div class=\"elementor-widget-container\">\n\t\t\t<style>\/*! elementor - v3.10.2 - 29-01-2023 *\/\n.elementor-heading-title{padding:0;margin:0;line-height:1}.elementor-widget-heading .elementor-heading-title[class*=elementor-size-]>a{color:inherit;font-size:inherit;line-height:inherit}.elementor-widget-heading .elementor-heading-title.elementor-size-small{font-size:15px}.elementor-widget-heading .elementor-heading-title.elementor-size-medium{font-size:19px}.elementor-widget-heading .elementor-heading-title.elementor-size-large{font-size:29px}.elementor-widget-heading .elementor-heading-title.elementor-size-xl{font-size:39px}.elementor-widget-heading .elementor-heading-title.elementor-size-xxl{font-size:59px}<\/style><h2 class=\"elementor-heading-title elementor-size-default\">PROJETOS EXECUTIVOS<\/h2>\t\t<\/div>\n\t\t\t\t<\/div>\n\t\t\t\t<div class=\"elementor-element elementor-element-663bd782 elementor-widget elementor-widget-text-editor\" data-id=\"663bd782\" data-element_type=\"widget\" data-widget_type=\"text-editor.default\">\n\t\t\t\t<div class=\"elementor-widget-container\">\n\t\t\t<style>\/*! elementor - v3.10.2 - 29-01-2023 *\/\n.elementor-widget-text-editor.elementor-drop-cap-view-stacked .elementor-drop-cap{background-color:#818a91;color:#fff}.elementor-widget-text-editor.elementor-drop-cap-view-framed .elementor-drop-cap{color:#818a91;border:3px solid;background-color:transparent}.elementor-widget-text-editor:not(.elementor-drop-cap-view-default) .elementor-drop-cap{margin-top:8px}.elementor-widget-text-editor:not(.elementor-drop-cap-view-default) .elementor-drop-cap-letter{width:1em;height:1em}.elementor-widget-text-editor .elementor-drop-cap{float:left;text-align:center;line-height:1;font-size:50px}.elementor-widget-text-editor .elementor-drop-cap-letter{display:inline-block}<\/style>\t\t\t\t<p>Extintor de Inc\u00eandio, Alarme de Inc\u00eandio, Ilumina\u00e7\u00e3o de Emerg\u00eancia, Sprinklers, Hidrante, Detec\u00e7\u00e3o de Fuma\u00e7a, Escada Pressurizada, Controle de Fuma\u00e7a, Para-Raios e outros.<\/p>\t\t\t\t\t\t<\/div>\n\t\t\t\t<\/div>\n\t\t\t\t\t<\/div>\n\t\t<\/div>\n\t\t\t\t\t\t\t<\/div>\n\t\t<\/section>\n\t\t\t\t<section class=\"elementor-section elementor-top-section elementor-element elementor-element-30b853f6 elementor-section-content-middle elementor-reverse-tablet elementor-reverse-mobile elementor-section-boxed elementor-section-height-default elementor-section-height-default\" data-id=\"30b853f6\" data-element_type=\"section\">\n\t\t\t\t\t\t<div class=\"elementor-container elementor-column-gap-default\">\n\t\t\t\t\t<div class=\"elementor-column elementor-col-50 elementor-top-column elementor-element elementor-element-53d8b378 elementor-invisible\" data-id=\"53d8b378\" data-element_type=\"column\" data-settings=\"{&quot;animation&quot;:&quot;fadeInLeft&quot;}\">\n\t\t\t<div class=\"elementor-widget-wrap elementor-element-populated\">\n\t\t\t\t\t\t\t\t<div class=\"elementor-element elementor-element-438b4de1 elementor-widget elementor-widget-heading\" data-id=\"438b4de1\" data-element_type=\"widget\" data-widget_type=\"heading.default\">\n\t\t\t\t<div class=\"elementor-widget-container\">\n\t\t\t<h6 class=\"elementor-heading-title elementor-size-default\">02<\/h6>\t\t<\/div>\n\t\t\t\t<\/div>\n\t\t\t\t<div class=\"elementor-element elementor-element-7c45c091 elementor-view-stacked elementor-position-left elementor-mobile-position-left elementor-shape-circle elementor-vertical-align-top elementor-widget elementor-widget-icon-box\" data-id=\"7c45c091\" data-element_type=\"widget\" data-widget_type=\"icon-box.default\">\n\t\t\t\t<div class=\"elementor-widget-container\">\n\t\t\t<link rel=\"stylesheet\" href=\"https:\/\/vwpengenharia.com.br\/wp-content\/plugins\/elementor\/assets\/css\/widget-icon-box.min.css\">\t\t<div class=\"elementor-icon-box-wrapper\">\n\t\t\t\t\t\t<div class=\"elementor-icon-box-icon\">\n\t\t\t\t<span class=\"elementor-icon elementor-animation-\" >\n\t\t\t\t<i aria-hidden=\"true\" class=\"fas fa-fire-extinguisher\"><\/i>\t\t\t\t<\/span>\n\t\t\t<\/div>\n\t\t\t\t\t\t<div class=\"elementor-icon-box-content\">\n\t\t\t\t<div class=\"elementor-icon-box-title\">\n\t\t\t\t\t<span  >\n\t\t\t\t\t\tInstala\u00e7\u00e3o de extintores de inc\u00eandio\t\t\t\t\t<\/span>\n\t\t\t\t<\/div>\n\t\t\t\t\t\t\t\t\t<p class=\"elementor-icon-box-description\">\n\t\t\t\t\t\tOs extintores de seu neg\u00f3cio devem estar em local de f\u00e1cil acesso, desobstru\u00eddos, sinalizados e fixados\t\t\t\t\t<\/p>\n\t\t\t\t\t\t\t<\/div>\n\t\t<\/div>\n\t\t\t\t<\/div>\n\t\t\t\t<\/div>\n\t\t\t\t<div class=\"elementor-element elementor-element-6ba0f77a elementor-view-stacked elementor-position-left elementor-mobile-position-left elementor-shape-circle elementor-vertical-align-top elementor-widget elementor-widget-icon-box\" data-id=\"6ba0f77a\" data-element_type=\"widget\" data-widget_type=\"icon-box.default\">\n\t\t\t\t<div class=\"elementor-widget-container\">\n\t\t\t\t\t<div class=\"elementor-icon-box-wrapper\">\n\t\t\t\t\t\t<div class=\"elementor-icon-box-icon\">\n\t\t\t\t<span class=\"elementor-icon elementor-animation-\" >\n\t\t\t\t<i aria-hidden=\"true\" class=\"lnr lnr-alarm\"><\/i>\t\t\t\t<\/span>\n\t\t\t<\/div>\n\t\t\t\t\t\t<div class=\"elementor-icon-box-content\">\n\t\t\t\t<div class=\"elementor-icon-box-title\">\n\t\t\t\t\t<span  >\n\t\t\t\t\t\tInstala\u00e7\u00e3o de alarmes de inc\u00eandio\t\t\t\t\t<\/span>\n\t\t\t\t<\/div>\n\t\t\t\t\t\t\t\t\t<p class=\"elementor-icon-box-description\">\n\t\t\t\t\t\tEvite riscos de inc\u00eandio e possibilite a evacua\u00e7\u00e3o de ambientes de forma r\u00e1pida e segura.\t\t\t\t\t<\/p>\n\t\t\t\t\t\t\t<\/div>\n\t\t<\/div>\n\t\t\t\t<\/div>\n\t\t\t\t<\/div>\n\t\t\t\t<div class=\"elementor-element elementor-element-338dc1cf elementor-view-stacked elementor-position-left elementor-mobile-position-left elementor-shape-circle elementor-vertical-align-top elementor-widget elementor-widget-icon-box\" data-id=\"338dc1cf\" data-element_type=\"widget\" data-widget_type=\"icon-box.default\">\n\t\t\t\t<div class=\"elementor-widget-container\">\n\t\t\t\t\t<div class=\"elementor-icon-box-wrapper\">\n\t\t\t\t\t\t<div class=\"elementor-icon-box-icon\">\n\t\t\t\t<span class=\"elementor-icon elementor-animation-\" >\n\t\t\t\t<i aria-hidden=\"true\" class=\"far fa-lightbulb\"><\/i>\t\t\t\t<\/span>\n\t\t\t<\/div>\n\t\t\t\t\t\t<div class=\"elementor-icon-box-content\">\n\t\t\t\t<div class=\"elementor-icon-box-title\">\n\t\t\t\t\t<span  >\n\t\t\t\t\t\tInstala\u00e7\u00e3o de ilumina\u00e7\u00e3o de emerg\u00eancia\t\t\t\t\t<\/span>\n\t\t\t\t<\/div>\n\t\t\t\t\t\t\t\t\t<p class=\"elementor-icon-box-description\">\n\t\t\t\t\t\tA ilumina\u00e7\u00e3o de aclaramento tem como objetivo iluminar com intensidade suficiente a rota de fuga das pessoas na edifica\u00e7\u00e3o em caso de emerg\u00eancia.\t\t\t\t\t<\/p>\n\t\t\t\t\t\t\t<\/div>\n\t\t<\/div>\n\t\t\t\t<\/div>\n\t\t\t\t<\/div>\n\t\t\t\t<div class=\"elementor-element elementor-element-4d09f11 elementor-view-stacked elementor-position-left elementor-mobile-position-left elementor-shape-circle elementor-vertical-align-top elementor-widget elementor-widget-icon-box\" data-id=\"4d09f11\" data-element_type=\"widget\" data-widget_type=\"icon-box.default\">\n\t\t\t\t<div class=\"elementor-widget-container\">\n\t\t\t\t\t<div class=\"elementor-icon-box-wrapper\">\n\t\t\t\t\t\t<div class=\"elementor-icon-box-icon\">\n\t\t\t\t<span class=\"elementor-icon elementor-animation-\" >\n\t\t\t\t<i aria-hidden=\"true\" class=\"icon icon-strikethrough\"><\/i>\t\t\t\t<\/span>\n\t\t\t<\/div>\n\t\t\t\t\t\t<div class=\"elementor-icon-box-content\">\n\t\t\t\t<div class=\"elementor-icon-box-title\">\n\t\t\t\t\t<span  >\n\t\t\t\t\t\tInstala\u00e7\u00e3o de sprinklers\t\t\t\t\t<\/span>\n\t\t\t\t<\/div>\n\t\t\t\t\t\t\t\t\t<p class=\"elementor-icon-box-description\">\n\t\t\t\t\t\tatribui a uma edifica\u00e7\u00e3o um sistema de libera\u00e7\u00e3o de \u00e1gua nos casos em que seja identificada a ocorr\u00eancia de inc\u00eandio.\t\t\t\t\t<\/p>\n\t\t\t\t\t\t\t<\/div>\n\t\t<\/div>\n\t\t\t\t<\/div>\n\t\t\t\t<\/div>\n\t\t\t\t<div class=\"elementor-element elementor-element-b7a67ae elementor-view-stacked elementor-position-left elementor-mobile-position-left elementor-shape-circle elementor-vertical-align-top elementor-widget elementor-widget-icon-box\" data-id=\"b7a67ae\" data-element_type=\"widget\" data-widget_type=\"icon-box.default\">\n\t\t\t\t<div class=\"elementor-widget-container\">\n\t\t\t\t\t<div class=\"elementor-icon-box-wrapper\">\n\t\t\t\t\t\t<div class=\"elementor-icon-box-icon\">\n\t\t\t\t<span class=\"elementor-icon elementor-animation-\" >\n\t\t\t\t<i aria-hidden=\"true\" class=\"icon icon-photo\"><\/i>\t\t\t\t<\/span>\n\t\t\t<\/div>\n\t\t\t\t\t\t<div class=\"elementor-icon-box-content\">\n\t\t\t\t<div class=\"elementor-icon-box-title\">\n\t\t\t\t\t<span  >\n\t\t\t\t\t\tInstala\u00e7\u00e3o de hidrantes\t\t\t\t\t<\/span>\n\t\t\t\t<\/div>\n\t\t\t\t\t\t\t\t\t<p class=\"elementor-icon-box-description\">\n\t\t\t\t\t\tOs hidrantes s\u00e3o parte fundamental do sistema de combate a inc\u00eandio de qualquer edifica\u00e7\u00e3o.\t\t\t\t\t<\/p>\n\t\t\t\t\t\t\t<\/div>\n\t\t<\/div>\n\t\t\t\t<\/div>\n\t\t\t\t<\/div>\n\t\t\t\t<div class=\"elementor-element elementor-element-33d0b83 elementor-view-stacked elementor-position-left elementor-mobile-position-left elementor-shape-circle elementor-vertical-align-top elementor-widget elementor-widget-icon-box\" data-id=\"33d0b83\" data-element_type=\"widget\" data-widget_type=\"icon-box.default\">\n\t\t\t\t<div class=\"elementor-widget-container\">\n\t\t\t\t\t<div class=\"elementor-icon-box-wrapper\">\n\t\t\t\t\t\t<div class=\"elementor-icon-box-icon\">\n\t\t\t\t<span class=\"elementor-icon elementor-animation-\" >\n\t\t\t\t<i aria-hidden=\"true\" class=\"fas fa-bacon\"><\/i>\t\t\t\t<\/span>\n\t\t\t<\/div>\n\t\t\t\t\t\t<div class=\"elementor-icon-box-content\">\n\t\t\t\t<div class=\"elementor-icon-box-title\">\n\t\t\t\t\t<span  >\n\t\t\t\t\t\tInstala\u00e7\u00e3o e Venda de Mangueiras\t\t\t\t\t<\/span>\n\t\t\t\t<\/div>\n\t\t\t\t\t\t\t\t\t<p class=\"elementor-icon-box-description\">\n\t\t\t\t\t\ta manuten\u00e7\u00e3o preventiva deve ser nossa aliada, pois alguns fatores relacionados ao estado de conserva\u00e7\u00e3o da mangueira podem reduzir o tempo de funcionamento do equipamento e consequentemente impactar em efici\u00eancia.\t\t\t\t\t<\/p>\n\t\t\t\t\t\t\t<\/div>\n\t\t<\/div>\n\t\t\t\t<\/div>\n\t\t\t\t<\/div>\n\t\t\t\t<div class=\"elementor-element elementor-element-2e9b7ad elementor-view-stacked elementor-position-left elementor-mobile-position-left elementor-shape-circle elementor-vertical-align-top elementor-widget elementor-widget-icon-box\" data-id=\"2e9b7ad\" data-element_type=\"widget\" data-widget_type=\"icon-box.default\">\n\t\t\t\t<div class=\"elementor-widget-container\">\n\t\t\t\t\t<div class=\"elementor-icon-box-wrapper\">\n\t\t\t\t\t\t<div class=\"elementor-icon-box-icon\">\n\t\t\t\t<span class=\"elementor-icon elementor-animation-\" >\n\t\t\t\t<i aria-hidden=\"true\" class=\"fab fa-gripfire\"><\/i>\t\t\t\t<\/span>\n\t\t\t<\/div>\n\t\t\t\t\t\t<div class=\"elementor-icon-box-content\">\n\t\t\t\t<div class=\"elementor-icon-box-title\">\n\t\t\t\t\t<span  >\n\t\t\t\t\t\tDetec\u00e7\u00e3o de fuma\u00e7a\t\t\t\t\t<\/span>\n\t\t\t\t<\/div>\n\t\t\t\t\t\t\t\t\t<p class=\"elementor-icon-box-description\">\n\t\t\t\t\t\ts\u00e3o fundamentais para identificar acidentes com fogo ou situa\u00e7\u00f5es de inc\u00eandio. O acionamento do alarme quando uma fuma\u00e7a \u00e9 identificada facilita para que as pessoas que estejam no local tomem provid\u00eancias.\t\t\t\t\t<\/p>\n\t\t\t\t\t\t\t<\/div>\n\t\t<\/div>\n\t\t\t\t<\/div>\n\t\t\t\t<\/div>\n\t\t\t\t<div class=\"elementor-element elementor-element-990efb8 elementor-view-stacked elementor-position-left elementor-mobile-position-left elementor-shape-circle elementor-vertical-align-top elementor-widget elementor-widget-icon-box\" data-id=\"990efb8\" data-element_type=\"widget\" data-widget_type=\"icon-box.default\">\n\t\t\t\t<div class=\"elementor-widget-container\">\n\t\t\t\t\t<div class=\"elementor-icon-box-wrapper\">\n\t\t\t\t\t\t<div class=\"elementor-icon-box-icon\">\n\t\t\t\t<span class=\"elementor-icon elementor-animation-\" >\n\t\t\t\t<i aria-hidden=\"true\" class=\"fas fa-bolt\"><\/i>\t\t\t\t<\/span>\n\t\t\t<\/div>\n\t\t\t\t\t\t<div class=\"elementor-icon-box-content\">\n\t\t\t\t<div class=\"elementor-icon-box-title\">\n\t\t\t\t\t<span  >\n\t\t\t\t\t\tPara-raios ( spda )\t\t\t\t\t<\/span>\n\t\t\t\t<\/div>\n\t\t\t\t\t\t\t\t\t<p class=\"elementor-icon-box-description\">\n\t\t\t\t\t\t\u00e9 uma estrutura montada acima das edifica\u00e7\u00f5es, com a fun\u00e7\u00e3o de proteger a estrutura da presen\u00e7a de raios e descargas do ambiente, que podem comprometer todo o local, com choques el\u00e9tricos e forma\u00e7\u00e3o de poss\u00edveis focos de inc\u00eandio.\t\t\t\t\t<\/p>\n\t\t\t\t\t\t\t<\/div>\n\t\t<\/div>\n\t\t\t\t<\/div>\n\t\t\t\t<\/div>\n\t\t\t\t<div class=\"elementor-element elementor-element-f454a03 elementor-view-stacked elementor-position-left elementor-mobile-position-left elementor-shape-circle elementor-vertical-align-top elementor-widget elementor-widget-icon-box\" data-id=\"f454a03\" data-element_type=\"widget\" data-widget_type=\"icon-box.default\">\n\t\t\t\t<div class=\"elementor-widget-container\">\n\t\t\t\t\t<div class=\"elementor-icon-box-wrapper\">\n\t\t\t\t\t\t<div class=\"elementor-icon-box-icon\">\n\t\t\t\t<span class=\"elementor-icon elementor-animation-\" >\n\t\t\t\t<i aria-hidden=\"true\" class=\"icon icon-page-break\"><\/i>\t\t\t\t<\/span>\n\t\t\t<\/div>\n\t\t\t\t\t\t<div class=\"elementor-icon-box-content\">\n\t\t\t\t<div class=\"elementor-icon-box-title\">\n\t\t\t\t\t<span  >\n\t\t\t\t\t\tProjetos hidrossanit\u00e1rios\t\t\t\t\t<\/span>\n\t\t\t\t<\/div>\n\t\t\t\t\t\t\t\t\t<p class=\"elementor-icon-box-description\">\n\t\t\t\t\t\trespons\u00e1vel pelo dimensionamento das tubula\u00e7\u00f5es do sistema de abastecimento de \u00e1gua, esgotamento sanit\u00e1rio e de instala\u00e7\u00f5es de \u00e1guas pluviais\t\t\t\t\t<\/p>\n\t\t\t\t\t\t\t<\/div>\n\t\t<\/div>\n\t\t\t\t<\/div>\n\t\t\t\t<\/div>\n\t\t\t\t<div class=\"elementor-element elementor-element-4b30e6f elementor-view-stacked elementor-position-left elementor-mobile-position-left elementor-shape-circle elementor-vertical-align-top elementor-widget elementor-widget-icon-box\" data-id=\"4b30e6f\" data-element_type=\"widget\" data-widget_type=\"icon-box.default\">\n\t\t\t\t<div class=\"elementor-widget-container\">\n\t\t\t\t\t<div class=\"elementor-icon-box-wrapper\">\n\t\t\t\t\t\t<div class=\"elementor-icon-box-icon\">\n\t\t\t\t<span class=\"elementor-icon elementor-animation-\" >\n\t\t\t\t<i aria-hidden=\"true\" class=\"icon icon-construction-tool-vehicle-with-crane-lifting-materials\"><\/i>\t\t\t\t<\/span>\n\t\t\t<\/div>\n\t\t\t\t\t\t<div class=\"elementor-icon-box-content\">\n\t\t\t\t<div class=\"elementor-icon-box-title\">\n\t\t\t\t\t<span  >\n\t\t\t\t\t\tProjetos estruturais e funda\u00e7\u00e3o\t\t\t\t\t<\/span>\n\t\t\t\t<\/div>\n\t\t\t\t\t\t\t\t\t<p class=\"elementor-icon-box-description\">\n\t\t\t\t\t\tAnalisar o tipo de solo e a topografia do local onde um projeto de edifica\u00e7\u00e3o ser\u00e1 implantado \u00e9 fundamental para os c\u00e1lculos e escolhas de material, estilo de constru\u00e7\u00e3o e funda\u00e7\u00e3o do pr\u00e9dio.\t\t\t\t\t<\/p>\n\t\t\t\t\t\t\t<\/div>\n\t\t<\/div>\n\t\t\t\t<\/div>\n\t\t\t\t<\/div>\n\t\t\t\t<div class=\"elementor-element elementor-element-40ef7ac elementor-view-stacked elementor-position-left elementor-mobile-position-left elementor-shape-circle elementor-vertical-align-top elementor-widget elementor-widget-icon-box\" data-id=\"40ef7ac\" data-element_type=\"widget\" data-widget_type=\"icon-box.default\">\n\t\t\t\t<div class=\"elementor-widget-container\">\n\t\t\t\t\t<div class=\"elementor-icon-box-wrapper\">\n\t\t\t\t\t\t<div class=\"elementor-icon-box-icon\">\n\t\t\t\t<span class=\"elementor-icon elementor-animation-\" >\n\t\t\t\t<i aria-hidden=\"true\" class=\"fas fa-door-closed\"><\/i>\t\t\t\t<\/span>\n\t\t\t<\/div>\n\t\t\t\t\t\t<div class=\"elementor-icon-box-content\">\n\t\t\t\t<div class=\"elementor-icon-box-title\">\n\t\t\t\t\t<span  >\n\t\t\t\t\t\tManuten\u00e7\u00e3o Porta Corta Fogo\t\t\t\t\t<\/span>\n\t\t\t\t<\/div>\n\t\t\t\t\t\t\t\t\t<p class=\"elementor-icon-box-description\">\n\t\t\t\t\t\tAcess\u00f3rios e Portas Corta Fogo devem receber manuten\u00e7\u00e3o por equipe especializada a cada 6 meses.\n\n\t\t\t\t\t<\/p>\n\t\t\t\t\t\t\t<\/div>\n\t\t<\/div>\n\t\t\t\t<\/div>\n\t\t\t\t<\/div>\n\t\t\t\t\t<\/div>\n\t\t<\/div>\n\t\t\t\t<div class=\"elementor-column elementor-col-50 elementor-top-column elementor-element elementor-element-31d55c03 elementor-invisible\" data-id=\"31d55c03\" data-element_type=\"column\" data-settings=\"{&quot;animation&quot;:&quot;rotateIn&quot;}\">\n\t\t\t<div class=\"elementor-widget-wrap elementor-element-populated\">\n\t\t\t\t\t\t\t\t<div class=\"elementor-element elementor-element-423f027 elementor-widget elementor-widget-image\" data-id=\"423f027\" data-element_type=\"widget\" data-widget_type=\"image.default\">\n\t\t\t\t<div class=\"elementor-widget-container\">\n\t\t\t<style>\/*! elementor - v3.10.2 - 29-01-2023 *\/\n.elementor-widget-image{text-align:center}.elementor-widget-image a{display:inline-block}.elementor-widget-image a img[src$=\".svg\"]{width:48px}.elementor-widget-image img{vertical-align:middle;display:inline-block}<\/style>\t\t\t\t\t\t\t\t\t\t\t\t<img loading=\"lazy\" decoding=\"async\" width=\"541\" height=\"380\" src=\"https:\/\/vwpengenharia.com.br\/wp-content\/uploads\/2023\/03\/incendios.jpg\" class=\"attachment-full size-full wp-image-353\" alt=\"\" srcset=\"https:\/\/vwpengenharia.com.br\/wp-content\/uploads\/2023\/03\/incendios.jpg 541w, https:\/\/vwpengenharia.com.br\/wp-content\/uploads\/2023\/03\/incendios-300x211.jpg 300w\" sizes=\"auto, (max-width: 541px) 100vw, 541px\" \/>\t\t\t\t\t\t\t\t\t\t\t\t\t\t\t<\/div>\n\t\t\t\t<\/div>\n\t\t\t\t\t<\/div>\n\t\t<\/div>\n\t\t\t\t\t\t\t<\/div>\n\t\t<\/section>\n\t\t\t\t\t\t\t<\/div>\n\t\t","protected":false},"excerpt":{"rendered":"<p>PROJETOS EXECUTIVOS Extintor de Inc\u00eandio, Alarme de Inc\u00eandio, Ilumina\u00e7\u00e3o de Emerg\u00eancia, Sprinklers, Hidrante, Detec\u00e7\u00e3o de Fuma\u00e7a, Escada Pressurizada, Controle de Fuma\u00e7a, Para-Raios e outros. 02 Instala\u00e7\u00e3o de extintores de inc\u00eandio Os extintores de seu neg\u00f3cio devem estar em local de f\u00e1cil acesso, desobstru\u00eddos, sinalizados e fixados Instala\u00e7\u00e3o de alarmes de inc\u00eandio Evite riscos de inc\u00eandio [&hellip;]<\/p>\n","protected":false},"author":1,"featured_media":0,"parent":0,"menu_order":0,"comment_status":"closed","ping_status":"closed","template":"elementor_header_footer","meta":{"footnotes":""},"class_list":["post-316","page","type-page","status-publish","hentry"],"yoast_head":"<!-- This site is optimized with the Yoast SEO plugin v20.2.1 - https:\/\/yoast.com\/wordpress\/plugins\/seo\/ -->\n<title>Projetos executivos - VWP ENGENHARIA<\/title>\n<meta name=\"robots\" content=\"index, follow, max-snippet:-1, max-image-preview:large, max-video-preview:-1\" \/>\n<link rel=\"canonical\" href=\"https:\/\/vwpengenharia.com.br\/index.php\/projetos-executivos\/\" \/>\n<meta property=\"og:locale\" content=\"pt_BR\" \/>\n<meta property=\"og:type\" content=\"article\" \/>\n<meta property=\"og:title\" content=\"Projetos executivos - VWP ENGENHARIA\" \/>\n<meta property=\"og:description\" content=\"PROJETOS EXECUTIVOS Extintor de Inc\u00eandio, Alarme de Inc\u00eandio, Ilumina\u00e7\u00e3o de Emerg\u00eancia, Sprinklers, Hidrante, Detec\u00e7\u00e3o de Fuma\u00e7a, Escada Pressurizada, Controle de Fuma\u00e7a, Para-Raios e outros. 02 Instala\u00e7\u00e3o de extintores de inc\u00eandio Os extintores de seu neg\u00f3cio devem estar em local de f\u00e1cil acesso, desobstru\u00eddos, sinalizados e fixados Instala\u00e7\u00e3o de alarmes de inc\u00eandio Evite riscos de inc\u00eandio [&hellip;]\" \/>\n<meta property=\"og:url\" content=\"https:\/\/vwpengenharia.com.br\/index.php\/projetos-executivos\/\" \/>\n<meta property=\"og:site_name\" content=\"VWP ENGENHARIA\" \/>\n<meta property=\"article:publisher\" content=\"https:\/\/pt-br.facebook.com\/vwpengenharia\/\" \/>\n<meta property=\"article:modified_time\" content=\"2023-04-26T01:24:19+00:00\" \/>\n<meta property=\"og:image\" content=\"https:\/\/vwpengenharia.com.br\/wp-content\/uploads\/2023\/03\/incendios.jpg\" \/>\n<meta name=\"twitter:card\" content=\"summary_large_image\" \/>\n<meta name=\"twitter:label1\" content=\"Est. tempo de leitura\" \/>\n\t<meta name=\"twitter:data1\" content=\"2 minutos\" \/>\n<script type=\"application\/ld+json\" class=\"yoast-schema-graph\">{\"@context\":\"https:\/\/schema.org\",\"@graph\":[{\"@type\":\"WebPage\",\"@id\":\"https:\/\/vwpengenharia.com.br\/index.php\/projetos-executivos\/\",\"url\":\"https:\/\/vwpengenharia.com.br\/index.php\/projetos-executivos\/\",\"name\":\"Projetos executivos - VWP ENGENHARIA\",\"isPartOf\":{\"@id\":\"https:\/\/vwpengenharia.com.br\/#website\"},\"datePublished\":\"2023-03-04T06:01:18+00:00\",\"dateModified\":\"2023-04-26T01:24:19+00:00\",\"breadcrumb\":{\"@id\":\"https:\/\/vwpengenharia.com.br\/index.php\/projetos-executivos\/#breadcrumb\"},\"inLanguage\":\"pt-BR\",\"potentialAction\":[{\"@type\":\"ReadAction\",\"target\":[\"https:\/\/vwpengenharia.com.br\/index.php\/projetos-executivos\/\"]}]},{\"@type\":\"BreadcrumbList\",\"@id\":\"https:\/\/vwpengenharia.com.br\/index.php\/projetos-executivos\/#breadcrumb\",\"itemListElement\":[{\"@type\":\"ListItem\",\"position\":1,\"name\":\"In\u00edcio\",\"item\":\"https:\/\/vwpengenharia.com.br\/\"},{\"@type\":\"ListItem\",\"position\":2,\"name\":\"Projetos executivos\"}]},{\"@type\":\"WebSite\",\"@id\":\"https:\/\/vwpengenharia.com.br\/#website\",\"url\":\"https:\/\/vwpengenharia.com.br\/\",\"name\":\"VWP ENGENHARIA\",\"description\":\"Seguran\u00e7a Contra inc\u00eandio\",\"alternateName\":\"projetos de preven\u00e7\u00e3o e combate a inc\u00eandio.\",\"potentialAction\":[{\"@type\":\"SearchAction\",\"target\":{\"@type\":\"EntryPoint\",\"urlTemplate\":\"https:\/\/vwpengenharia.com.br\/?s={search_term_string}\"},\"query-input\":\"required name=search_term_string\"}],\"inLanguage\":\"pt-BR\"}]}<\/script>\n<!-- \/ Yoast SEO plugin. -->","yoast_head_json":{"title":"Projetos executivos - VWP ENGENHARIA","robots":{"index":"index","follow":"follow","max-snippet":"max-snippet:-1","max-image-preview":"max-image-preview:large","max-video-preview":"max-video-preview:-1"},"canonical":"https:\/\/vwpengenharia.com.br\/index.php\/projetos-executivos\/","og_locale":"pt_BR","og_type":"article","og_title":"Projetos executivos - VWP ENGENHARIA","og_description":"PROJETOS EXECUTIVOS Extintor de Inc\u00eandio, Alarme de Inc\u00eandio, Ilumina\u00e7\u00e3o de Emerg\u00eancia, Sprinklers, Hidrante, Detec\u00e7\u00e3o de Fuma\u00e7a, Escada Pressurizada, Controle de Fuma\u00e7a, Para-Raios e outros. 02 Instala\u00e7\u00e3o de extintores de inc\u00eandio Os extintores de seu neg\u00f3cio devem estar em local de f\u00e1cil acesso, desobstru\u00eddos, sinalizados e fixados Instala\u00e7\u00e3o de alarmes de inc\u00eandio Evite riscos de inc\u00eandio [&hellip;]","og_url":"https:\/\/vwpengenharia.com.br\/index.php\/projetos-executivos\/","og_site_name":"VWP ENGENHARIA","article_publisher":"https:\/\/pt-br.facebook.com\/vwpengenharia\/","article_modified_time":"2023-04-26T01:24:19+00:00","og_image":[{"url":"https:\/\/vwpengenharia.com.br\/wp-content\/uploads\/2023\/03\/incendios.jpg"}],"twitter_card":"summary_large_image","twitter_misc":{"Est. tempo de leitura":"2 minutos"},"schema":{"@context":"https:\/\/schema.org","@graph":[{"@type":"WebPage","@id":"https:\/\/vwpengenharia.com.br\/index.php\/projetos-executivos\/","url":"https:\/\/vwpengenharia.com.br\/index.php\/projetos-executivos\/","name":"Projetos executivos - VWP ENGENHARIA","isPartOf":{"@id":"https:\/\/vwpengenharia.com.br\/#website"},"datePublished":"2023-03-04T06:01:18+00:00","dateModified":"2023-04-26T01:24:19+00:00","breadcrumb":{"@id":"https:\/\/vwpengenharia.com.br\/index.php\/projetos-executivos\/#breadcrumb"},"inLanguage":"pt-BR","potentialAction":[{"@type":"ReadAction","target":["https:\/\/vwpengenharia.com.br\/index.php\/projetos-executivos\/"]}]},{"@type":"BreadcrumbList","@id":"https:\/\/vwpengenharia.com.br\/index.php\/projetos-executivos\/#breadcrumb","itemListElement":[{"@type":"ListItem","position":1,"name":"In\u00edcio","item":"https:\/\/vwpengenharia.com.br\/"},{"@type":"ListItem","position":2,"name":"Projetos executivos"}]},{"@type":"WebSite","@id":"https:\/\/vwpengenharia.com.br\/#website","url":"https:\/\/vwpengenharia.com.br\/","name":"VWP ENGENHARIA","description":"Seguran\u00e7a Contra inc\u00eandio","alternateName":"projetos de preven\u00e7\u00e3o e combate a inc\u00eandio.","potentialAction":[{"@type":"SearchAction","target":{"@type":"EntryPoint","urlTemplate":"https:\/\/vwpengenharia.com.br\/?s={search_term_string}"},"query-input":"required name=search_term_string"}],"inLanguage":"pt-BR"}]}},"_links":{"self":[{"href":"https:\/\/vwpengenharia.com.br\/index.php\/wp-json\/wp\/v2\/pages\/316","targetHints":{"allow":["GET"]}}],"collection":[{"href":"https:\/\/vwpengenharia.com.br\/index.php\/wp-json\/wp\/v2\/pages"}],"about":[{"href":"https:\/\/vwpengenharia.com.br\/index.php\/wp-json\/wp\/v2\/types\/page"}],"author":[{"embeddable":true,"href":"https:\/\/vwpengenharia.com.br\/index.php\/wp-json\/wp\/v2\/users\/1"}],"replies":[{"embeddable":true,"href":"https:\/\/vwpengenharia.com.br\/index.php\/wp-json\/wp\/v2\/comments?post=316"}],"version-history":[{"count":16,"href":"https:\/\/vwpengenharia.com.br\/index.php\/wp-json\/wp\/v2\/pages\/316\/revisions"}],"predecessor-version":[{"id":487,"href":"https:\/\/vwpengenharia.com.br\/index.php\/wp-json\/wp\/v2\/pages\/316\/revisions\/487"}],"wp:attachment":[{"href":"https:\/\/vwpengenharia.com.br\/index.php\/wp-json\/wp\/v2\/media?parent=316"}],"curies":[{"name":"wp","href":"https:\/\/api.w.org\/{rel}","templated":true}]}}